{"id":1717,"date":"2026-02-02T21:52:21","date_gmt":"2026-02-02T20:52:21","guid":{"rendered":"https:\/\/ffbg.edu.rs\/farmacija-medicinska-biohemija-xxxxxx\/"},"modified":"2026-02-06T14:18:44","modified_gmt":"2026-02-06T13:18:44","slug":"osnivac-fakulteta","status":"publish","type":"page","link":"https:\/\/ffbg.edu.rs\/lat\/osnivac-fakulteta\/","title":{"rendered":"Osniva\u010d fakulteta"},"content":{"rendered":"<div data-elementor-type=\"wp-page\" data-elementor-id=\"1717\" class=\"elementor elementor-1717\">\n\t\t\t\t<div class=\"elementor-element elementor-element-a2ea385 e-flex e-con-boxed e-con e-parent\" data-id=\"a2ea385\" data-element_type=\"container\" data-e-type=\"container\" data-settings=\"{&quot;background_background&quot;:&quot;classic&quot;}\">\n\t\t\t\t\t<div class=\"e-con-inner\">\n\t\t\t\t<div class=\"elementor-element elementor-element-c6d0646 elementor-widget elementor-widget-uael-infobox\" data-id=\"c6d0646\" data-element_type=\"widget\" data-e-type=\"widget\" data-widget_type=\"uael-infobox.default\">\n\t\t\t\t\t\t<div class=\"elementor-widget-container\">\n\t\t\t\t\t\n<div class=\"uael-module-content uael-infobox uael-imgicon-style-normal  uael-infobox-center  infobox-has-photo uael-infobox-photo-above-title  uael-infobox-link-type-none\">\n\t<div class=\"uael-infobox-left-right-wrap\">\n\t\t\t\t\t\t<div class=\"uael-infobox-content\">\n\t\t\t\t\t\t\t<div class=\"uael-module-content uael-imgicon-wrap\">\t\t\t\t\t\t\t\t\t\t\t\n\t\t\t\t\t\t\t\t\t\t\t\t\t\t\t\t<div class=\"uael-image\" itemscope itemtype=\"http:\/\/schema.org\/ImageObject\">\n\t\t\t\t\t\t\t<div class=\"uael-image-content elementor-animation-\">\n\t\t\t\t\t\t\t\t<img fetchpriority=\"high\" decoding=\"async\" width=\"512\" height=\"512\" src=\"https:\/\/ffbg.edu.rs\/wp-content\/uploads\/2026\/01\/ffbg-favicon.png\" class=\"attachment-full size-full wp-image-5\" alt=\"ffbg-favicon\" srcset=\"https:\/\/ffbg.edu.rs\/wp-content\/uploads\/2026\/01\/ffbg-favicon.png 512w, https:\/\/ffbg.edu.rs\/wp-content\/uploads\/2026\/01\/ffbg-favicon-300x300.png 300w, https:\/\/ffbg.edu.rs\/wp-content\/uploads\/2026\/01\/ffbg-favicon-150x150.png 150w\" sizes=\"(max-width: 512px) 100vw, 512px\" \/>\t\t\t\t\t\t\t<\/div>\n\t\t\t\t\t\t<\/div>\n\n\t\t\t\t\t\t\t\t\t<\/div>\n\t\t\t\t\t\t\t<div class='uael-infobox-title-wrap'><h1 class=\"uael-infobox-title elementor-inline-editing\" data-elementor-setting-key=\"infobox_title\" data-elementor-inline-editing-toolbar=\"basic\" >O OSNIVA\u010cU FAKULTETA<\/h1><\/div>\t\t\t\t\t\t\t\t\t<div class=\"uael-infobox-text-wrap\">\n\t\t\t\t<div class=\"uael-infobox-text elementor-inline-editing\" data-elementor-setting-key=\"infobox_description\" data-elementor-inline-editing-toolbar=\"advanced\">\n\t\t\t\t\t\t\t\t\t<\/div>\n\t\t\t\t\t\n\t\t\t\t\t\t\t<\/div>\n\t\t<\/div>\n\t\t\t<\/div>\n<\/div>\n\t\t\t\t<\/div>\n\t\t\t\t<\/div>\n\t\t\t\t\t<\/div>\n\t\t\t\t<\/div>\n\t\t<div class=\"elementor-element elementor-element-f5cbbe7 e-flex e-con-boxed e-con e-parent\" data-id=\"f5cbbe7\" data-element_type=\"container\" data-e-type=\"container\" data-settings=\"{&quot;background_background&quot;:&quot;classic&quot;}\">\n\t\t\t\t\t<div class=\"e-con-inner\">\n\t\t<div class=\"elementor-element elementor-element-1234229 e-con-full e-flex e-con e-child\" data-id=\"1234229\" data-element_type=\"container\" data-e-type=\"container\">\n\t\t\t\t<div class=\"elementor-element elementor-element-a38f870 elementor-widget elementor-widget-heading\" data-id=\"a38f870\" data-element_type=\"widget\" data-e-type=\"widget\" data-widget_type=\"heading.default\">\n\t\t\t\t\t\t\t<h2 class=\"elementor-heading-title elementor-size-default\">Prof. dr Miljan Adamovi\u0107\n<\/h2>\t\t\t\t<\/div>\n\t\t\t\t<div class=\"elementor-element elementor-element-5a4eea2 elementor-widget elementor-widget-text-editor\" data-id=\"5a4eea2\" data-element_type=\"widget\" data-e-type=\"widget\" data-widget_type=\"text-editor.default\">\n\t\t\t\t\t\t\t\t\t\t\t<p><strong>Prof. dr Miljan Adamovi\u0107<\/strong>\u00a0je istaknuti stru\u010dnjak u oblasti farmacije i ekonomije, sa bogatim akademskim i menad\u017eerskim iskustvom. Vanredni je profesor na Fakultetu poslovne ekonomije Univerziteta EDUKONS, sa vi\u0161egodi\u0161njim anga\u017emanom u visokom obrazovanju i savremenim trendovima u zdravstvu i menad\u017ementu.<\/p><p>Osnovne akademske studije zavr\u0161io je na dva akreditovana studijska programa i stekao zvanja:<\/p><p>\u2013\u00a0<strong>magistar farmacije,<\/strong><br \/>\u2013\u00a0<strong>diplomirani pravnik.<\/strong><\/p><p>Master akademske studije iz oblasti ishrane i suplementacije zavr\u0161io je na Fakultetu medicinskih nauka Univerziteta u Kragujevcu, gde trenutno poha\u0111a i\u00a0<strong>doktorske akademske studije<\/strong>\u00a0iz oblasti medicinskih nauka. Na istom fakultetu stekao je i zvanje\u00a0<strong>specijaliste farmaceutske tehnologije<\/strong>.<\/p><p>Akademsko zvanje doktora nauka iz oblasti ekonomskih nauka stekao je na Fakultetu za poslovne studije.\u200d<\/p>\t\t\t\t\t\t\t\t<\/div>\n\t\t\t\t<\/div>\n\t\t<div class=\"elementor-element elementor-element-e63acc9 e-con-full e-flex e-con e-child\" data-id=\"e63acc9\" data-element_type=\"container\" data-e-type=\"container\">\n\t\t\t\t<div class=\"elementor-element elementor-element-0d56f98 elementor-widget elementor-widget-text-editor\" data-id=\"0d56f98\" data-element_type=\"widget\" data-e-type=\"widget\" data-widget_type=\"text-editor.default\">\n\t\t\t\t\t\t\t\t\t\t\t<p><strong>Prof. dr Adamovi\u0107 je vlasnik i direktor Apoteka \u201eZdravlje lek\u201c, kao i direktor ZDRAVLJE LEK HEALTHCARE GROUP, pravnog lica koje je osniva\u010d Fakulteta farmacije Beograd.<\/strong>\u200d<\/p><p>Vi\u0161e od jedne decenije vodi apotekarsku ustanovu i uspe\u0161no razvija modele modernog farmaceutskog menad\u017ementa, organizacije rada i zdravstvenih usluga. Licencirani je farmaceut, sertifikovani posrednik Ministarstva pravde i korporativni konsultant za zdravstvene ustanove. Pridru\u017eeni je \u010dlan presti\u017ene me\u0111unarodne organizacije\u00a0<strong>ACFE \u2013 Association of Certified Fraud Examiners.<\/strong><\/p>\t\t\t\t\t\t\t\t<\/div>\n\t\t\t\t<\/div>\n\t\t<div class=\"elementor-element elementor-element-2d9f4a8 e-con-full e-flex e-con e-child\" data-id=\"2d9f4a8\" data-element_type=\"container\" data-e-type=\"container\">\n\t\t\t\t<div class=\"elementor-element elementor-element-4d2f499 elementor-widget elementor-widget-image\" data-id=\"4d2f499\" data-element_type=\"widget\" data-e-type=\"widget\" data-widget_type=\"image.default\">\n\t\t\t\t\t\t\t\t\t\t\t\t\t\t\t\t\t<img decoding=\"async\" width=\"500\" height=\"620\" src=\"https:\/\/ffbg.edu.rs\/wp-content\/uploads\/2026\/02\/ffbg-miljan-adamovic.avif\" class=\"attachment-full size-full wp-image-1719\" alt=\"ffbg-miljan-adamovic\" srcset=\"https:\/\/ffbg.edu.rs\/wp-content\/uploads\/2026\/02\/ffbg-miljan-adamovic.avif 500w, https:\/\/ffbg.edu.rs\/wp-content\/uploads\/2026\/02\/ffbg-miljan-adamovic-242x300.avif 242w\" sizes=\"(max-width: 500px) 100vw, 500px\" \/>\t\t\t\t\t\t\t\t\t\t\t\t\t\t\t<\/div>\n\t\t\t\t<\/div>\n\t\t\t\t\t<\/div>\n\t\t\t\t<\/div>\n\t\t<div class=\"elementor-element elementor-element-eb980ed e-flex e-con-boxed e-con e-parent\" data-id=\"eb980ed\" data-element_type=\"container\" data-e-type=\"container\" data-settings=\"{&quot;background_background&quot;:&quot;classic&quot;}\">\n\t\t\t\t\t<div class=\"e-con-inner\">\n\t\t<div class=\"elementor-element elementor-element-345f3e8 e-con-full e-flex e-con e-child\" data-id=\"345f3e8\" data-element_type=\"container\" data-e-type=\"container\">\n\t\t\t\t<div class=\"elementor-element elementor-element-8b02798 elementor-view-default elementor-widget elementor-widget-icon\" data-id=\"8b02798\" data-element_type=\"widget\" data-e-type=\"widget\" data-widget_type=\"icon.default\">\n\t\t\t\t\t\t\t\t\t<div class=\"elementor-icon-wrapper\">\n\t\t\t<div class=\"elementor-icon\">\n\t\t\t<svg aria-hidden=\"true\" class=\"e-font-icon-svg e-fas-quote-left\" viewbox=\"0 0 512 512\" xmlns=\"http:\/\/www.w3.org\/2000\/svg\"><path d=\"M464 256h-80v-64c0-35.3 28.7-64 64-64h8c13.3 0 24-10.7 24-24V56c0-13.3-10.7-24-24-24h-8c-88.4 0-160 71.6-160 160v240c0 26.5 21.5 48 48 48h128c26.5 0 48-21.5 48-48V304c0-26.5-21.5-48-48-48zm-288 0H96v-64c0-35.3 28.7-64 64-64h8c13.3 0 24-10.7 24-24V56c0-13.3-10.7-24-24-24h-8C71.6 32 0 103.6 0 192v240c0 26.5 21.5 48 48 48h128c26.5 0 48-21.5 48-48V304c0-26.5-21.5-48-48-48z\"><\/path><\/svg>\t\t\t<\/div>\n\t\t<\/div>\n\t\t\t\t\t\t<\/div>\n\t\t\t\t<div class=\"elementor-element elementor-element-42d8ee1 elementor-widget elementor-widget-text-editor\" data-id=\"42d8ee1\" data-element_type=\"widget\" data-e-type=\"widget\" data-widget_type=\"text-editor.default\">\n\t\t\t\t\t\t\t\t\t\t\t<p>Objavio je niz nau\u010dnih radova i knjiga iz oblasti farmakoekonomije, finansija i menad\u017ementa, a prepoznat je i kao stru\u010dnjak kome se obra\u0107aju zdravstvene ustanove, institucije i privreda. Prof. Adamovi\u0107 je posve\u0107en razvoju modernog farmaceutskog obrazovanja u Srbiji, unapre\u0111enju zdravstvenog sistema i kreiranju savremenih modela rada zdravstvenih organizacija.<\/p>\t\t\t\t\t\t\t\t<\/div>\n\t\t\t\t<\/div>\n\t\t\t\t\t<\/div>\n\t\t\t\t<\/div>\n\t\t\t\t<\/div>","protected":false},"excerpt":{"rendered":"<p>\u041e \u041e\u0421\u041d\u0418\u0412\u0410\u0427\u0423 \u0424\u0410\u041a\u0423\u041b\u0422\u0415\u0422\u0410 \u041f\u0440\u043e\u0444. \u0434\u0440 \u041c\u0438\u0459\u0430\u043d \u0410\u0434\u0430\u043c\u043e\u0432\u0438\u045b \u041f\u0440\u043e\u0444. \u0434\u0440 \u041c\u0438\u0459\u0430\u043d \u0410\u0434\u0430\u043c\u043e\u0432\u0438\u045b\u00a0\u0458\u0435 \u0438\u0441\u0442\u0430\u043a\u043d\u0443\u0442\u0438 \u0441\u0442\u0440\u0443\u0447\u045a\u0430\u043a \u0443 \u043e\u0431\u043b\u0430\u0441\u0442\u0438 \u0444\u0430\u0440\u043c\u0430\u0446\u0438\u0458\u0435 \u0438 \u0435\u043a\u043e\u043d\u043e\u043c\u0438\u0458\u0435, \u0441\u0430 \u0431\u043e\u0433\u0430\u0442\u0438\u043c [&hellip;]<\/p>\n","protected":false},"author":1,"featured_media":0,"parent":0,"menu_order":0,"comment_status":"closed","ping_status":"closed","template":"","meta":{"site-sidebar-layout":"no-sidebar","site-content-layout":"","ast-site-content-layout":"full-width-container","site-content-style":"unboxed","site-sidebar-style":"unboxed","ast-global-header-display":"","ast-banner-title-visibility":"","ast-main-header-display":"","ast-hfb-above-header-display":"","ast-hfb-below-header-display":"","ast-hfb-mobile-header-display":"","site-post-title":"disabled","ast-breadcrumbs-content":"","ast-featured-img":"disabled","footer-sml-layout":"","ast-disable-related-posts":"","theme-transparent-header-meta":"enabled","adv-header-id-meta":"","stick-header-meta":"","header-above-stick-meta":"","header-main-stick-meta":"","header-below-stick-meta":"","astra-migrate-meta-layouts":"default","ast-page-background-enabled":"default","ast-page-background-meta":{"desktop":{"background-color":"var(--ast-global-color-5)","background-image":"","background-repeat":"repeat","background-position":"center center","background-size":"auto","background-attachment":"scroll","background-type":"","background-media":"","overlay-type":"","overlay-color":"","overlay-opacity":"","overlay-gradient":""},"tablet":{"background-color":"","background-image":"","background-repeat":"repeat","background-position":"center center","background-size":"auto","background-attachment":"scroll","background-type":"","background-media":"","overlay-type":"","overlay-color":"","overlay-opacity":"","overlay-gradient":""},"mobile":{"background-color":"","background-image":"","background-repeat":"repeat","background-position":"center center","background-size":"auto","background-attachment":"scroll","background-type":"","background-media":"","overlay-type":"","overlay-color":"","overlay-opacity":"","overlay-gradient":""}},"ast-content-background-meta":{"desktop":{"background-color":"var(--ast-global-color-4)","background-image":"","background-repeat":"repeat","background-position":"center center","background-size":"auto","background-attachment":"scroll","background-type":"","background-media":"","overlay-type":"","overlay-color":"","overlay-opacity":"","overlay-gradient":""},"tablet":{"background-color":"var(--ast-global-color-4)","background-image":"","background-repeat":"repeat","background-position":"center center","background-size":"auto","background-attachment":"scroll","background-type":"","background-media":"","overlay-type":"","overlay-color":"","overlay-opacity":"","overlay-gradient":""},"mobile":{"background-color":"var(--ast-global-color-4)","background-image":"","background-repeat":"repeat","background-position":"center center","background-size":"auto","background-attachment":"scroll","background-type":"","background-media":"","overlay-type":"","overlay-color":"","overlay-opacity":"","overlay-gradient":""}},"footnotes":""},"class_list":["post-1717","page","type-page","status-publish","hentry"],"_links":{"self":[{"href":"https:\/\/ffbg.edu.rs\/lat\/wp-json\/wp\/v2\/pages\/1717","targetHints":{"allow":["GET"]}}],"collection":[{"href":"https:\/\/ffbg.edu.rs\/lat\/wp-json\/wp\/v2\/pages"}],"about":[{"href":"https:\/\/ffbg.edu.rs\/lat\/wp-json\/wp\/v2\/types\/page"}],"author":[{"embeddable":true,"href":"https:\/\/ffbg.edu.rs\/lat\/wp-json\/wp\/v2\/users\/1"}],"replies":[{"embeddable":true,"href":"https:\/\/ffbg.edu.rs\/lat\/wp-json\/wp\/v2\/comments?post=1717"}],"version-history":[{"count":0,"href":"https:\/\/ffbg.edu.rs\/lat\/wp-json\/wp\/v2\/pages\/1717\/revisions"}],"wp:attachment":[{"href":"https:\/\/ffbg.edu.rs\/lat\/wp-json\/wp\/v2\/media?parent=1717"}],"curies":[{"name":"wp","href":"https:\/\/api.w.org\/{rel}","templated":true}]}}