{"id":2299,"date":"2026-02-04T18:55:46","date_gmt":"2026-02-04T17:55:46","guid":{"rendered":"https:\/\/ffbg.edu.rs\/politika-privatnosti-xxxxxx\/"},"modified":"2026-02-16T13:31:11","modified_gmt":"2026-02-16T12:31:11","slug":"uslovi-koriscenja","status":"publish","type":"page","link":"https:\/\/ffbg.edu.rs\/lat\/uslovi-koriscenja\/","title":{"rendered":"Uslovi Kori\u0161\u0107enja"},"content":{"rendered":"<div data-elementor-type=\"wp-page\" data-elementor-id=\"2299\" class=\"elementor elementor-2299\">\n\t\t\t\t<div class=\"elementor-element elementor-element-a2ea385 e-flex e-con-boxed e-con e-parent\" data-id=\"a2ea385\" data-element_type=\"container\" data-e-type=\"container\" data-settings=\"{&quot;background_background&quot;:&quot;classic&quot;}\">\n\t\t\t\t\t<div class=\"e-con-inner\">\n\t\t\t\t<div class=\"elementor-element elementor-element-c6d0646 elementor-widget elementor-widget-uael-infobox\" data-id=\"c6d0646\" data-element_type=\"widget\" data-e-type=\"widget\" data-widget_type=\"uael-infobox.default\">\n\t\t\t\t\t\t<div class=\"elementor-widget-container\">\n\t\t\t\t\t\n<div class=\"uael-module-content uael-infobox uael-imgicon-style-normal  uael-infobox-center  infobox-has-photo uael-infobox-photo-above-title  uael-infobox-link-type-none\">\n\t<div class=\"uael-infobox-left-right-wrap\">\n\t\t\t\t\t\t<div class=\"uael-infobox-content\">\n\t\t\t\t\t\t\t<div class=\"uael-module-content uael-imgicon-wrap\">\t\t\t\t\t\t\t\t\t\t\t\n\t\t\t\t\t\t\t\t\t\t\t\t\t\t\t\t<div class=\"uael-image\" itemscope itemtype=\"http:\/\/schema.org\/ImageObject\">\n\t\t\t\t\t\t\t<div class=\"uael-image-content elementor-animation-\">\n\t\t\t\t\t\t\t\t<img fetchpriority=\"high\" decoding=\"async\" width=\"512\" height=\"512\" src=\"https:\/\/ffbg.edu.rs\/wp-content\/uploads\/2026\/01\/ffbg-favicon.png\" class=\"attachment-full size-full wp-image-5\" alt=\"ffbg-favicon\" srcset=\"https:\/\/ffbg.edu.rs\/wp-content\/uploads\/2026\/01\/ffbg-favicon.png 512w, https:\/\/ffbg.edu.rs\/wp-content\/uploads\/2026\/01\/ffbg-favicon-300x300.png 300w, https:\/\/ffbg.edu.rs\/wp-content\/uploads\/2026\/01\/ffbg-favicon-150x150.png 150w\" sizes=\"(max-width: 512px) 100vw, 512px\" \/>\t\t\t\t\t\t\t<\/div>\n\t\t\t\t\t\t<\/div>\n\n\t\t\t\t\t\t\t\t\t<\/div>\n\t\t\t\t\t\t\t<div class='uael-infobox-title-wrap'><h1 class=\"uael-infobox-title elementor-inline-editing\" data-elementor-setting-key=\"infobox_title\" data-elementor-inline-editing-toolbar=\"basic\" >\u0423\u0421\u041b\u041e\u0412\u0418 \u041a\u041e\u0420\u0418\u0428\u040b\u0415\u040a\u0410<\/h1><\/div>\t\t\t\t\t\t\t\t\t<div class=\"uael-infobox-text-wrap\">\n\t\t\t\t<div class=\"uael-infobox-text elementor-inline-editing\" data-elementor-setting-key=\"infobox_description\" data-elementor-inline-editing-toolbar=\"advanced\">\n\t\t\t\t\t\t\t\t\t<\/div>\n\t\t\t\t\t\n\t\t\t\t\t\t\t<\/div>\n\t\t<\/div>\n\t\t\t<\/div>\n<\/div>\n\t\t\t\t<\/div>\n\t\t\t\t<\/div>\n\t\t\t\t\t<\/div>\n\t\t\t\t<\/div>\n\t\t<div class=\"elementor-element elementor-element-da58379 e-flex e-con-boxed e-con e-parent\" data-id=\"da58379\" data-element_type=\"container\" data-e-type=\"container\" data-settings=\"{&quot;background_background&quot;:&quot;classic&quot;}\">\n\t\t\t\t\t<div class=\"e-con-inner\">\n\t\t<div class=\"elementor-element elementor-element-75452c7 e-con-full e-flex e-con e-child\" data-id=\"75452c7\" data-element_type=\"container\" data-e-type=\"container\">\n\t\t\t\t<div class=\"elementor-element elementor-element-df877b8 elementor-widget elementor-widget-heading\" data-id=\"df877b8\" data-element_type=\"widget\" data-e-type=\"widget\" data-widget_type=\"heading.default\">\n\t\t\t\t\t\t\t<h2 class=\"elementor-heading-title elementor-size-default\">USLOVI KORI\u0160\u0106ENJA SAJTA<\/h2>\t\t\t\t<\/div>\n\t\t\t\t<div class=\"elementor-element elementor-element-9806ec9 elementor-widget elementor-widget-text-editor\" data-id=\"9806ec9\" data-element_type=\"widget\" data-e-type=\"widget\" data-widget_type=\"text-editor.default\">\n\t\t\t\t\t\t\t\t\t\t\t<p>1. OP\u0160TE ODREDBE<\/p><p>\u0414\u043e\u0431\u0440\u043e \u0434\u043e\u0448\u043b\u0438 \u043d\u0430 \u0438\u043d\u0442\u0435\u0440\u043d\u0435\u0442 \u0441\u0430\u0458\u0442 \u0447\u0438\u0458\u0438 \u0458\u0435 \u0432\u043b\u0430\u0441\u043d\u0438\u043a \u0424\u0430\u0440\u043c\u0430\u0446\u0435\u0443\u0442\u0441\u043a\u0438 \u0424\u0430\u043a\u0443\u043b\u0442\u0435\u0442 \u0411\u0435\u043e\u0433\u0440\u0430\u0434 (\u0443 \u0434\u0430\u0459\u0435\u043c \u0442\u0435\u043a\u0441\u0442\u0443: \u0424\u0430\u043a\u0443\u043b\u0442\u0435\u0442).<\/p><p>Ovi Op\u0161ti uslovi kori\u0161\u0107enja (u daljem tekstu: Uslovi) reguli\u0161u prava i obaveze izme\u0111u Fakulteta i lica koja pristupaju i koriste internet sajt (u daljem tekstu: Korisnici). Pristup i kori\u0161\u0107enje sajta, uklju\u010duju\u0107i pregled informacija i kori\u0161\u0107enje dostupnih usluga, podrazumeva da je Korisnik saglasan sa ovim Uslovima.<\/p><p>Ukoliko niste saglasni sa Uslovima, molimo vas da ne koristite ovaj internet sajt.<\/p><p>Ovi Uslovi sastavljeni su u skladu sa va\u017ee\u0107im zakonima Republike Srbije.<\/p><p>2. PRAVA INTELEKTUALNE SVOJINE<\/p><p>Sav sadr\u017eaj objavljen na ovom internet sajtu, uklju\u010duju\u0107i tekstove, slike, grafiku, logotipe, audio i video materijale, kao i programski kod, predstavlja isklju\u010divo vlasni\u0161tvo Fakulteta ili je objavljen uz dozvolu vlasnika. Sadr\u017eaj je za\u0161ti\u0107en Zakonom o autorskom i srodnim pravima i drugim zakonima o intelektualnoj svojini.<\/p><p>Bilo kakvo kopiranje, distribucija, javno prikazivanje, objavljivanje, prerada ili druga vrsta upotrebe sadr\u017eaja, u celini ili delimi\u010dno, bez prethodnog izri\u010ditog pisanog odobrenja Fakulteta, strogo je zabranjena i smatra se kr\u0161enjem prava intelektualne svojine.<\/p><p>3. OGRANI\u010cENJE ODGOVORNOSTI<\/p><p>Fakultet ula\u017ee maksimalne napore da sve informacije na sajtu budu ta\u010dne, potpune i a\u017eurne. Uprkos tome, mogu\u0107a je pojava nenamernih gre\u0161aka, neta\u010dnosti ili propusta u sadr\u017eaju.<\/p><p>Informacije na ovom sajtu su informativnog karaktera i ne treba ih tuma\u010diti kao savete za dono\u0161enje odluka. Fakultet ne preuzima odgovornost za bilo kakvu \u0161tetu, gubitak ili tro\u0161kove nastale kao rezultat oslanjanja na informacije sa ovog sajta.<\/p><p>Fakultet zadr\u017eava pravo da u bilo kom trenutku, bez prethodne najave, izmeni, dopuni ili ukloni bilo koji deo sadr\u017eaja internet sajta.<\/p><p>4. LINKOVI KA DRUGIM INTERNET SAJTOVIMA<\/p><p>Ovaj sajt mo\u017ee sadr\u017eati linkove ka internet sajtovima tre\u0107ih lica. Ti linkovi su obezbe\u0111eni isklju\u010divo radi pogodnosti Korisnika. Fakultet nema kontrolu nad sadr\u017eajem tih sajtova i ne preuzima nikakvu odgovornost za njihov sadr\u017eaj, ta\u010dnost informacija, politiku privatnosti ili bezbednost. Pristup tim sajtovima vr\u0161ite na sopstveni rizik.<\/p><p>5. OBAVEZE KORISNIKA<\/p><p>Korisnik se obavezuje da ovaj internet sajt ne\u0107e koristiti za objavljivanje ili preno\u0161enje bilo kakvog materijala koji je nezakonit, prete\u0107i, uvredljiv, klevetni\u010dki ili na bilo koji na\u010din naru\u0161ava prava drugih.<\/p><p>6. IZMENE USLOVA KORI\u0160\u0106ENJA<\/p><p>Fakultet zadr\u017eava pravo da u bilo kom trenutku i bez prethodnog obave\u0161tenja izmeni ili dopuni ove Uslove. Sve izmene postaju va\u017ee\u0107e danom objavljivanja na ovoj stranici.<\/p><p>Preporu\u010dujemo Korisnicima da redovno pregledaju ove Uslove kako bi bili blagovremeno informisani o eventualnim izmenama. Nastavak kori\u0161\u0107enja sajta nakon objavljivanja izmena podrazumeva da je Korisnik sa njima saglasan.<\/p><p>7. NADLE\u017dNO PRAVO<\/p><p>Na sve \u0161to nije regulisano ovim Uslovima primenjuju se va\u017ee\u0107i propisi Republike Srbije. U slu\u010daju spora koji proistekne iz primene ovih Uslova, ugovorne strane \u0107e nastojati da ga re\u0161e mirnim putem. Ukoliko to nije mogu\u0107e, za re\u0161avanje spora nadle\u017ean je stvarno nadle\u017eni sud u Beogradu.<\/p><div id=\"translate-it-host-iframe\">\u00a0<\/div>\t\t\t\t\t\t\t\t<\/div>\n\t\t\t\t<\/div>\n\t\t\t\t\t<\/div>\n\t\t\t\t<\/div>\n\t\t<div class=\"elementor-element elementor-element-eb980ed e-flex e-con-boxed e-con e-parent\" data-id=\"eb980ed\" data-element_type=\"container\" data-e-type=\"container\" data-settings=\"{&quot;background_background&quot;:&quot;classic&quot;}\">\n\t\t\t\t\t<div class=\"e-con-inner\">\n\t\t<div class=\"elementor-element elementor-element-345f3e8 e-con-full e-flex e-con e-child\" data-id=\"345f3e8\" data-element_type=\"container\" data-e-type=\"container\">\n\t\t\t\t<div class=\"elementor-element elementor-element-8b02798 elementor-view-default elementor-widget elementor-widget-icon\" data-id=\"8b02798\" data-element_type=\"widget\" data-e-type=\"widget\" data-widget_type=\"icon.default\">\n\t\t\t\t\t\t\t\t\t<div class=\"elementor-icon-wrapper\">\n\t\t\t<div class=\"elementor-icon\">\n\t\t\t<svg aria-hidden=\"true\" class=\"e-font-icon-svg e-fas-quote-left\" viewbox=\"0 0 512 512\" xmlns=\"http:\/\/www.w3.org\/2000\/svg\"><path d=\"M464 256h-80v-64c0-35.3 28.7-64 64-64h8c13.3 0 24-10.7 24-24V56c0-13.3-10.7-24-24-24h-8c-88.4 0-160 71.6-160 160v240c0 26.5 21.5 48 48 48h128c26.5 0 48-21.5 48-48V304c0-26.5-21.5-48-48-48zm-288 0H96v-64c0-35.3 28.7-64 64-64h8c13.3 0 24-10.7 24-24V56c0-13.3-10.7-24-24-24h-8C71.6 32 0 103.6 0 192v240c0 26.5 21.5 48 48 48h128c26.5 0 48-21.5 48-48V304c0-26.5-21.5-48-48-48z\"><\/path><\/svg>\t\t\t<\/div>\n\t\t<\/div>\n\t\t\t\t\t\t<\/div>\n\t\t\t\t<div class=\"elementor-element elementor-element-42d8ee1 elementor-widget elementor-widget-text-editor\" data-id=\"42d8ee1\" data-element_type=\"widget\" data-e-type=\"widget\" data-widget_type=\"text-editor.default\">\n\t\t\t\t\t\t\t\t\t\t\tImate pitanje? \u017delite da saznate vi\u0161e o na\u0161im studijskim programima, prijemnom ispitu ili vam je potrebna administrativna podr\u0161ka? Na\u0161 tim je tu da vam pomogne.\t\t\t\t\t\t\t\t<\/div>\n\t\t\t\t<\/div>\n\t\t\t\t\t<\/div>\n\t\t\t\t<\/div>\n\t\t\t\t<\/div>","protected":false},"excerpt":{"rendered":"<p>\u0423\u0421\u041b\u041e\u0412\u0418 \u041a\u041e\u0420\u0418\u0428\u040b\u0415\u040a\u0410 \u0423\u0421\u041b\u041e\u0412\u0418 \u041a\u041e\u0420\u0418\u0428\u040b\u0415\u040a\u0410 \u0421\u0410\u0408\u0422\u0410 1. \u041e\u041f\u0428\u0422\u0415 \u041e\u0414\u0420\u0415\u0414\u0411\u0415 \u0414\u043e\u0431\u0440\u043e \u0434\u043e\u0448\u043b\u0438 \u043d\u0430 \u0438\u043d\u0442\u0435\u0440\u043d\u0435\u0442 \u0441\u0430\u0458\u0442 \u0447\u0438\u0458\u0438 \u0458\u0435 \u0432\u043b\u0430\u0441\u043d\u0438\u043a \u0424\u0430\u0440\u043c\u0430\u0446\u0435\u0443\u0442\u0441\u043a\u0438 \u0424\u0430\u043a\u0443\u043b\u0442\u0435\u0442 \u0411\u0435\u043e\u0433\u0440\u0430\u0434 (\u0443 [&hellip;]<\/p>\n","protected":false},"author":1,"featured_media":0,"parent":0,"menu_order":0,"comment_status":"closed","ping_status":"closed","template":"","meta":{"site-sidebar-layout":"no-sidebar","site-content-layout":"","ast-site-content-layout":"full-width-container","site-content-style":"unboxed","site-sidebar-style":"unboxed","ast-global-header-display":"","ast-banner-title-visibility":"","ast-main-header-display":"","ast-hfb-above-header-display":"","ast-hfb-below-header-display":"","ast-hfb-mobile-header-display":"","site-post-title":"disabled","ast-breadcrumbs-content":"","ast-featured-img":"disabled","footer-sml-layout":"","ast-disable-related-posts":"","theme-transparent-header-meta":"enabled","adv-header-id-meta":"","stick-header-meta":"","header-above-stick-meta":"","header-main-stick-meta":"","header-below-stick-meta":"","astra-migrate-meta-layouts":"default","ast-page-background-enabled":"default","ast-page-background-meta":{"desktop":{"background-color":"var(--ast-global-color-5)","background-image":"","background-repeat":"repeat","background-position":"center center","background-size":"auto","background-attachment":"scroll","background-type":"","background-media":"","overlay-type":"","overlay-color":"","overlay-opacity":"","overlay-gradient":""},"tablet":{"background-color":"","background-image":"","background-repeat":"repeat","background-position":"center center","background-size":"auto","background-attachment":"scroll","background-type":"","background-media":"","overlay-type":"","overlay-color":"","overlay-opacity":"","overlay-gradient":""},"mobile":{"background-color":"","background-image":"","background-repeat":"repeat","background-position":"center center","background-size":"auto","background-attachment":"scroll","background-type":"","background-media":"","overlay-type":"","overlay-color":"","overlay-opacity":"","overlay-gradient":""}},"ast-content-background-meta":{"desktop":{"background-color":"var(--ast-global-color-4)","background-image":"","background-repeat":"repeat","background-position":"center center","background-size":"auto","background-attachment":"scroll","background-type":"","background-media":"","overlay-type":"","overlay-color":"","overlay-opacity":"","overlay-gradient":""},"tablet":{"background-color":"var(--ast-global-color-4)","background-image":"","background-repeat":"repeat","background-position":"center center","background-size":"auto","background-attachment":"scroll","background-type":"","background-media":"","overlay-type":"","overlay-color":"","overlay-opacity":"","overlay-gradient":""},"mobile":{"background-color":"var(--ast-global-color-4)","background-image":"","background-repeat":"repeat","background-position":"center center","background-size":"auto","background-attachment":"scroll","background-type":"","background-media":"","overlay-type":"","overlay-color":"","overlay-opacity":"","overlay-gradient":""}},"footnotes":""},"class_list":["post-2299","page","type-page","status-publish","hentry"],"_links":{"self":[{"href":"https:\/\/ffbg.edu.rs\/lat\/wp-json\/wp\/v2\/pages\/2299","targetHints":{"allow":["GET"]}}],"collection":[{"href":"https:\/\/ffbg.edu.rs\/lat\/wp-json\/wp\/v2\/pages"}],"about":[{"href":"https:\/\/ffbg.edu.rs\/lat\/wp-json\/wp\/v2\/types\/page"}],"author":[{"embeddable":true,"href":"https:\/\/ffbg.edu.rs\/lat\/wp-json\/wp\/v2\/users\/1"}],"replies":[{"embeddable":true,"href":"https:\/\/ffbg.edu.rs\/lat\/wp-json\/wp\/v2\/comments?post=2299"}],"version-history":[{"count":0,"href":"https:\/\/ffbg.edu.rs\/lat\/wp-json\/wp\/v2\/pages\/2299\/revisions"}],"wp:attachment":[{"href":"https:\/\/ffbg.edu.rs\/lat\/wp-json\/wp\/v2\/media?parent=2299"}],"curies":[{"name":"wp","href":"https:\/\/api.w.org\/{rel}","templated":true}]}}